{"id":104,"date":"2024-02-20T20:59:19","date_gmt":"2024-02-21T01:59:19","guid":{"rendered":"https:\/\/gavilwebforge.com\/sitios\/hany\/?page_id=104"},"modified":"2026-02-01T17:55:01","modified_gmt":"2026-02-01T22:55:01","slug":"recursos","status":"publish","type":"page","link":"https:\/\/gavilwebforge.com\/sitios\/hany\/recursos\/","title":{"rendered":"Aprende m\u00e1s aqu\u00ed"},"content":{"rendered":"\t\t<div data-elementor-type=\"wp-page\" data-elementor-id=\"104\" class=\"elementor elementor-104\" data-elementor-post-type=\"page\">\n\t\t\t\t<div data-particle_enable=\"false\" data-particle-mobile-disabled=\"false\" class=\"elementor-element elementor-element-4d88954 e-con-full e-flex e-con e-parent\" data-id=\"4d88954\" data-element_type=\"container\" data-settings=\"{&quot;background_background&quot;:&quot;classic&quot;}\" data-core-v316-plus=\"true\">\n\t\t\t\t<div class=\"elementor-element elementor-element-c0a8097 elementor-widget elementor-widget-image\" data-id=\"c0a8097\" data-element_type=\"widget\" data-widget_type=\"image.default\">\n\t\t\t\t<div class=\"elementor-widget-container\">\n\t\t\t<style>\/*! elementor - v3.20.0 - 26-03-2024 *\/\n.elementor-widget-image{text-align:center}.elementor-widget-image a{display:inline-block}.elementor-widget-image a img[src$=\".svg\"]{width:48px}.elementor-widget-image img{vertical-align:middle;display:inline-block}<\/style>\t\t\t\t\t\t\t\t\t\t<img fetchpriority=\"high\" decoding=\"async\" width=\"2560\" height=\"1708\" src=\"https:\/\/gavilwebforge.com\/sitios\/hany\/wp-content\/uploads\/2026\/02\/pexels-barnabas-davoti-31615494-25695963-scaled.jpg\" class=\"attachment-full size-full wp-image-1865\" alt=\"perros jugando\" srcset=\"https:\/\/gavilwebforge.com\/sitios\/hany\/wp-content\/uploads\/2026\/02\/pexels-barnabas-davoti-31615494-25695963-scaled.jpg 2560w, https:\/\/gavilwebforge.com\/sitios\/hany\/wp-content\/uploads\/2026\/02\/pexels-barnabas-davoti-31615494-25695963-300x200.jpg 300w, https:\/\/gavilwebforge.com\/sitios\/hany\/wp-content\/uploads\/2026\/02\/pexels-barnabas-davoti-31615494-25695963-1024x683.jpg 1024w, https:\/\/gavilwebforge.com\/sitios\/hany\/wp-content\/uploads\/2026\/02\/pexels-barnabas-davoti-31615494-25695963-768x512.jpg 768w, https:\/\/gavilwebforge.com\/sitios\/hany\/wp-content\/uploads\/2026\/02\/pexels-barnabas-davoti-31615494-25695963-1536x1025.jpg 1536w, https:\/\/gavilwebforge.com\/sitios\/hany\/wp-content\/uploads\/2026\/02\/pexels-barnabas-davoti-31615494-25695963-2048x1366.jpg 2048w\" sizes=\"(max-width: 2560px) 100vw, 2560px\" \/>\t\t\t\t\t\t\t\t\t\t\t\t\t<\/div>\n\t\t\t\t<\/div>\n\t\t<div data-particle_enable=\"false\" data-particle-mobile-disabled=\"false\" class=\"elementor-element elementor-element-560973b e-con-full e-flex e-con e-child\" data-id=\"560973b\" data-element_type=\"container\" data-settings=\"{&quot;background_background&quot;:&quot;classic&quot;}\">\n\t\t\t\t<div class=\"elementor-element elementor-element-5c78599 elementor-widget elementor-widget-heading\" data-id=\"5c78599\" data-element_type=\"widget\" data-widget_type=\"heading.default\">\n\t\t\t\t<div class=\"elementor-widget-container\">\n\t\t\t<style>\/*! elementor - v3.20.0 - 26-03-2024 *\/\n.elementor-heading-title{padding:0;margin:0;line-height:1}.elementor-widget-heading .elementor-heading-title[class*=elementor-size-]>a{color:inherit;font-size:inherit;line-height:inherit}.elementor-widget-heading .elementor-heading-title.elementor-size-small{font-size:15px}.elementor-widget-heading .elementor-heading-title.elementor-size-medium{font-size:19px}.elementor-widget-heading .elementor-heading-title.elementor-size-large{font-size:29px}.elementor-widget-heading .elementor-heading-title.elementor-size-xl{font-size:39px}.elementor-widget-heading .elementor-heading-title.elementor-size-xxl{font-size:59px}<\/style><h1 class=\"elementor-heading-title elementor-size-default\">Articulos cient\u00edficos<\/h1>\t\t<\/div>\n\t\t\t\t<\/div>\n\t\t\t\t<\/div>\n\t\t\t\t<\/div>\n\t\t<div data-particle_enable=\"false\" data-particle-mobile-disabled=\"false\" class=\"elementor-element elementor-element-bef7626 e-con-full e-flex e-con e-parent\" data-id=\"bef7626\" data-element_type=\"container\" data-settings=\"{&quot;background_background&quot;:&quot;classic&quot;}\" data-core-v316-plus=\"true\">\n\t\t<div data-particle_enable=\"false\" data-particle-mobile-disabled=\"false\" class=\"elementor-element elementor-element-a29e8d3 e-con-full e-flex e-con e-child\" data-id=\"a29e8d3\" data-element_type=\"container\" data-settings=\"{&quot;background_background&quot;:&quot;classic&quot;}\">\n\t\t<div data-particle_enable=\"false\" data-particle-mobile-disabled=\"false\" class=\"elementor-element elementor-element-27dc6b5 e-flex e-con-boxed e-con e-child\" data-id=\"27dc6b5\" data-element_type=\"container\">\n\t\t\t\t\t<div class=\"e-con-inner\">\n\t\t\t\t<div class=\"elementor-element elementor-element-3fc2d06 elementor-widget elementor-widget-heading\" data-id=\"3fc2d06\" data-element_type=\"widget\" data-widget_type=\"heading.default\">\n\t\t\t\t<div class=\"elementor-widget-container\">\n\t\t\t<h1 class=\"elementor-heading-title elementor-size-default\">Enlaces externos<\/h1>\t\t<\/div>\n\t\t\t\t<\/div>\n\t\t\t\t\t<\/div>\n\t\t\t\t<\/div>\n\t\t<div data-particle_enable=\"false\" data-particle-mobile-disabled=\"false\" class=\"elementor-element elementor-element-3801bc4 e-flex e-con-boxed e-con e-child\" data-id=\"3801bc4\" data-element_type=\"container\">\n\t\t\t\t\t<div class=\"e-con-inner\">\n\t\t\t\t<div class=\"elementor-element elementor-element-2d59e05 elementor-icon-list--layout-traditional elementor-list-item-link-full_width elementor-widget elementor-widget-icon-list\" data-id=\"2d59e05\" data-element_type=\"widget\" data-widget_type=\"icon-list.default\">\n\t\t\t\t<div class=\"elementor-widget-container\">\n\t\t\t<link rel=\"stylesheet\" href=\"https:\/\/gavilwebforge.com\/sitios\/hany\/wp-content\/plugins\/elementor\/assets\/css\/widget-icon-list.min.css\">\t\t<ul class=\"elementor-icon-list-items\">\n\t\t\t\t\t\t\t<li class=\"elementor-icon-list-item\">\n\t\t\t\t\t\t\t\t\t\t\t<span class=\"elementor-icon-list-icon\">\n\t\t\t\t\t\t\t<svg aria-hidden=\"true\" class=\"e-font-icon-svg e-fas-circle\" viewBox=\"0 0 512 512\" xmlns=\"http:\/\/www.w3.org\/2000\/svg\"><path d=\"M256 8C119 8 8 119 8 256s111 248 248 248 248-111 248-248S393 8 256 8z\"><\/path><\/svg>\t\t\t\t\t\t<\/span>\n\t\t\t\t\t\t\t\t\t\t<span class=\"elementor-icon-list-text\">Nunc turpis urna, pellentesque id sagittis a, molestie et magna. Ut elementum ornare odio<\/span>\n\t\t\t\t\t\t\t\t\t<\/li>\n\t\t\t\t\t\t\t\t<li class=\"elementor-icon-list-item\">\n\t\t\t\t\t\t\t\t\t\t\t<span class=\"elementor-icon-list-icon\">\n\t\t\t\t\t\t\t<svg aria-hidden=\"true\" class=\"e-font-icon-svg e-fas-circle\" viewBox=\"0 0 512 512\" xmlns=\"http:\/\/www.w3.org\/2000\/svg\"><path d=\"M256 8C119 8 8 119 8 256s111 248 248 248 248-111 248-248S393 8 256 8z\"><\/path><\/svg>\t\t\t\t\t\t<\/span>\n\t\t\t\t\t\t\t\t\t\t<span class=\"elementor-icon-list-text\">Nunc turpis urna, pellentesque id sagittis a, molestie et magna. Ut elementum ornare odio<\/span>\n\t\t\t\t\t\t\t\t\t<\/li>\n\t\t\t\t\t\t\t\t<li class=\"elementor-icon-list-item\">\n\t\t\t\t\t\t\t\t\t\t\t<span class=\"elementor-icon-list-icon\">\n\t\t\t\t\t\t\t<svg aria-hidden=\"true\" class=\"e-font-icon-svg e-fas-circle\" viewBox=\"0 0 512 512\" xmlns=\"http:\/\/www.w3.org\/2000\/svg\"><path d=\"M256 8C119 8 8 119 8 256s111 248 248 248 248-111 248-248S393 8 256 8z\"><\/path><\/svg>\t\t\t\t\t\t<\/span>\n\t\t\t\t\t\t\t\t\t\t<span class=\"elementor-icon-list-text\">Nunc turpis urna, pellentesque id sagittis a, molestie et magna. Ut elementum ornare odio<\/span>\n\t\t\t\t\t\t\t\t\t<\/li>\n\t\t\t\t\t\t\t\t<li class=\"elementor-icon-list-item\">\n\t\t\t\t\t\t\t\t\t\t\t<span class=\"elementor-icon-list-icon\">\n\t\t\t\t\t\t\t<svg aria-hidden=\"true\" class=\"e-font-icon-svg e-fas-circle\" viewBox=\"0 0 512 512\" xmlns=\"http:\/\/www.w3.org\/2000\/svg\"><path d=\"M256 8C119 8 8 119 8 256s111 248 248 248 248-111 248-248S393 8 256 8z\"><\/path><\/svg>\t\t\t\t\t\t<\/span>\n\t\t\t\t\t\t\t\t\t\t<span class=\"elementor-icon-list-text\">Nunc turpis urna, pellentesque id sagittis a, molestie et magna. Ut elementum ornare odio<\/span>\n\t\t\t\t\t\t\t\t\t<\/li>\n\t\t\t\t\t\t<\/ul>\n\t\t\t\t<\/div>\n\t\t\t\t<\/div>\n\t\t\t\t\t<\/div>\n\t\t\t\t<\/div>\n\t\t\t\t<\/div>\n\t\t<div data-particle_enable=\"false\" data-particle-mobile-disabled=\"false\" class=\"elementor-element elementor-element-b007202 e-con-full e-flex e-con e-child\" data-id=\"b007202\" data-element_type=\"container\" data-settings=\"{&quot;background_background&quot;:&quot;classic&quot;}\">\n\t\t<div data-particle_enable=\"false\" data-particle-mobile-disabled=\"false\" class=\"elementor-element elementor-element-f579e32 e-flex e-con-boxed e-con e-child\" data-id=\"f579e32\" data-element_type=\"container\">\n\t\t\t\t\t<div class=\"e-con-inner\">\n\t\t\t\t<div class=\"elementor-element elementor-element-faf5797 elementor-widget elementor-widget-heading\" data-id=\"faf5797\" data-element_type=\"widget\" data-widget_type=\"heading.default\">\n\t\t\t\t<div class=\"elementor-widget-container\">\n\t\t\t<h2 class=\"elementor-heading-title elementor-size-default\">Preguntas frecuentes<\/h2>\t\t<\/div>\n\t\t\t\t<\/div>\n\t\t\t\t\t<\/div>\n\t\t\t\t<\/div>\n\t\t<div data-particle_enable=\"false\" data-particle-mobile-disabled=\"false\" class=\"elementor-element elementor-element-ea4395c e-flex e-con-boxed e-con e-child\" data-id=\"ea4395c\" data-element_type=\"container\">\n\t\t\t\t\t<div class=\"e-con-inner\">\n\t\t\t\t<div class=\"elementor-element elementor-element-372715e elementor-widget__width-initial elementor-widget elementor-widget-n-accordion\" data-id=\"372715e\" data-element_type=\"widget\" data-settings=\"{&quot;default_state&quot;:&quot;all_collapsed&quot;,&quot;n_accordion_animation_duration&quot;:{&quot;unit&quot;:&quot;ms&quot;,&quot;size&quot;:200,&quot;sizes&quot;:[]},&quot;max_items_expended&quot;:&quot;one&quot;}\" data-widget_type=\"nested-accordion.default\">\n\t\t\t\t<div class=\"elementor-widget-container\">\n\t\t\t\t\t<div class=\"e-n-accordion\" aria-label=\"Accordion. Open links with Enter or Space, close with Escape, and navigate with Arrow Keys\">\n\t\t\t\t\t\t<details id=\"e-n-accordion-item-5780\" class=\"e-n-accordion-item\" >\n\t\t\t\t<summary class=\"e-n-accordion-item-title\" data-accordion-index=\"1\" tabindex=\"0\" aria-expanded=\"false\" aria-controls=\"e-n-accordion-item-5780\" >\n\t\t\t\t\t<span class='e-n-accordion-item-title-header'><div class=\"e-n-accordion-item-title-text\"> Pregunta 1 <\/div><\/span>\n\t\t\t\t\t\t\t<span class='e-n-accordion-item-title-icon'>\n\t\t\t<span class='e-opened' ><svg aria-hidden=\"true\" class=\"e-font-icon-svg e-fas-caret-down\" viewBox=\"0 0 320 512\" xmlns=\"http:\/\/www.w3.org\/2000\/svg\"><path d=\"M31.3 192h257.3c17.8 0 26.7 21.5 14.1 34.1L174.1 354.8c-7.8 7.8-20.5 7.8-28.3 0L17.2 226.1C4.6 213.5 13.5 192 31.3 192z\"><\/path><\/svg><\/span>\n\t\t\t<span class='e-closed'><svg aria-hidden=\"true\" class=\"e-font-icon-svg e-fas-caret-right\" viewBox=\"0 0 192 512\" xmlns=\"http:\/\/www.w3.org\/2000\/svg\"><path d=\"M0 384.662V127.338c0-17.818 21.543-26.741 34.142-14.142l128.662 128.662c7.81 7.81 7.81 20.474 0 28.284L34.142 398.804C21.543 411.404 0 402.48 0 384.662z\"><\/path><\/svg><\/span>\n\t\t<\/span>\n\n\t\t\t\t\t\t<\/summary>\n\t\t\t\t<div data-particle_enable=\"false\" data-particle-mobile-disabled=\"false\" role=\"region\" aria-labelledby=\"e-n-accordion-item-5780\" class=\"elementor-element elementor-element-750b099 e-con-full e-flex e-con e-child\" data-id=\"750b099\" data-element_type=\"container\">\n\t\t\t\t<div class=\"elementor-element elementor-element-a37f1ef elementor-widget elementor-widget-text-editor\" data-id=\"a37f1ef\" data-element_type=\"widget\" data-widget_type=\"text-editor.default\">\n\t\t\t\t<div class=\"elementor-widget-container\">\n\t\t\t<style>\/*! elementor - v3.20.0 - 26-03-2024 *\/\n.elementor-widget-text-editor.elementor-drop-cap-view-stacked .elementor-drop-cap{background-color:#69727d;color:#fff}.elementor-widget-text-editor.elementor-drop-cap-view-framed .elementor-drop-cap{color:#69727d;border:3px solid;background-color:transparent}.elementor-widget-text-editor:not(.elementor-drop-cap-view-default) .elementor-drop-cap{margin-top:8px}.elementor-widget-text-editor:not(.elementor-drop-cap-view-default) .elementor-drop-cap-letter{width:1em;height:1em}.elementor-widget-text-editor .elementor-drop-cap{float:left;text-align:center;line-height:1;font-size:50px}.elementor-widget-text-editor .elementor-drop-cap-letter{display:inline-block}<\/style>\t\t\t\t<p>Lorem fistrum por la gloria de mi madre esse jarl aliqua llevame al sircoo. De la pradera ullamco qu\u00e9 dise usteer est\u00e1 la cosa muy malar.<\/p>\t\t\t\t\t\t<\/div>\n\t\t\t\t<\/div>\n\t\t\t\t<\/div>\n\t\t\t\t\t<\/details>\n\t\t\t\t\t\t<details id=\"e-n-accordion-item-5781\" class=\"e-n-accordion-item\" >\n\t\t\t\t<summary class=\"e-n-accordion-item-title\" data-accordion-index=\"2\" tabindex=\"-1\" aria-expanded=\"false\" aria-controls=\"e-n-accordion-item-5781\" >\n\t\t\t\t\t<span class='e-n-accordion-item-title-header'><div class=\"e-n-accordion-item-title-text\"> Pregunta 2 <\/div><\/span>\n\t\t\t\t\t\t\t<span class='e-n-accordion-item-title-icon'>\n\t\t\t<span class='e-opened' ><svg aria-hidden=\"true\" class=\"e-font-icon-svg e-fas-caret-down\" viewBox=\"0 0 320 512\" xmlns=\"http:\/\/www.w3.org\/2000\/svg\"><path d=\"M31.3 192h257.3c17.8 0 26.7 21.5 14.1 34.1L174.1 354.8c-7.8 7.8-20.5 7.8-28.3 0L17.2 226.1C4.6 213.5 13.5 192 31.3 192z\"><\/path><\/svg><\/span>\n\t\t\t<span class='e-closed'><svg aria-hidden=\"true\" class=\"e-font-icon-svg e-fas-caret-right\" viewBox=\"0 0 192 512\" xmlns=\"http:\/\/www.w3.org\/2000\/svg\"><path d=\"M0 384.662V127.338c0-17.818 21.543-26.741 34.142-14.142l128.662 128.662c7.81 7.81 7.81 20.474 0 28.284L34.142 398.804C21.543 411.404 0 402.48 0 384.662z\"><\/path><\/svg><\/span>\n\t\t<\/span>\n\n\t\t\t\t\t\t<\/summary>\n\t\t\t\t<div data-particle_enable=\"false\" data-particle-mobile-disabled=\"false\" role=\"region\" aria-labelledby=\"e-n-accordion-item-5781\" class=\"elementor-element elementor-element-c633f70 e-con-full e-flex e-con e-child\" data-id=\"c633f70\" data-element_type=\"container\">\n\t\t\t\t<div class=\"elementor-element elementor-element-a9b5892 elementor-widget elementor-widget-text-editor\" data-id=\"a9b5892\" data-element_type=\"widget\" data-widget_type=\"text-editor.default\">\n\t\t\t\t<div class=\"elementor-widget-container\">\n\t\t\t\t\t\t\t<p>Lorem fistrum por la gloria de mi madre esse jarl aliqua llevame al sircoo. De la pradera ullamco qu\u00e9 dise usteer est\u00e1 la cosa muy malar.<\/p>\t\t\t\t\t\t<\/div>\n\t\t\t\t<\/div>\n\t\t\t\t<\/div>\n\t\t\t\t\t<\/details>\n\t\t\t\t\t\t<details id=\"e-n-accordion-item-5782\" class=\"e-n-accordion-item\" >\n\t\t\t\t<summary class=\"e-n-accordion-item-title\" data-accordion-index=\"3\" tabindex=\"-1\" aria-expanded=\"false\" aria-controls=\"e-n-accordion-item-5782\" >\n\t\t\t\t\t<span class='e-n-accordion-item-title-header'><div class=\"e-n-accordion-item-title-text\"> Pregunta 3 <\/div><\/span>\n\t\t\t\t\t\t\t<span class='e-n-accordion-item-title-icon'>\n\t\t\t<span class='e-opened' ><svg aria-hidden=\"true\" class=\"e-font-icon-svg e-fas-caret-down\" viewBox=\"0 0 320 512\" xmlns=\"http:\/\/www.w3.org\/2000\/svg\"><path d=\"M31.3 192h257.3c17.8 0 26.7 21.5 14.1 34.1L174.1 354.8c-7.8 7.8-20.5 7.8-28.3 0L17.2 226.1C4.6 213.5 13.5 192 31.3 192z\"><\/path><\/svg><\/span>\n\t\t\t<span class='e-closed'><svg aria-hidden=\"true\" class=\"e-font-icon-svg e-fas-caret-right\" viewBox=\"0 0 192 512\" xmlns=\"http:\/\/www.w3.org\/2000\/svg\"><path d=\"M0 384.662V127.338c0-17.818 21.543-26.741 34.142-14.142l128.662 128.662c7.81 7.81 7.81 20.474 0 28.284L34.142 398.804C21.543 411.404 0 402.48 0 384.662z\"><\/path><\/svg><\/span>\n\t\t<\/span>\n\n\t\t\t\t\t\t<\/summary>\n\t\t\t\t<div data-particle_enable=\"false\" data-particle-mobile-disabled=\"false\" role=\"region\" aria-labelledby=\"e-n-accordion-item-5782\" class=\"elementor-element elementor-element-c3d172e e-con-full e-flex e-con e-child\" data-id=\"c3d172e\" data-element_type=\"container\">\n\t\t\t\t<div class=\"elementor-element elementor-element-9e10735 elementor-widget elementor-widget-text-editor\" data-id=\"9e10735\" data-element_type=\"widget\" data-widget_type=\"text-editor.default\">\n\t\t\t\t<div class=\"elementor-widget-container\">\n\t\t\t\t\t\t\t<p>Lorem fistrum por la gloria de mi madre esse jarl aliqua llevame al sircoo. De la pradera ullamco qu\u00e9 dise usteer est\u00e1 la cosa muy malar.<\/p>\t\t\t\t\t\t<\/div>\n\t\t\t\t<\/div>\n\t\t\t\t<\/div>\n\t\t\t\t\t<\/details>\n\t\t\t\t\t<\/div>\n\t\t\t\t<\/div>\n\t\t\t\t<\/div>\n\t\t\t\t\t<\/div>\n\t\t\t\t<\/div>\n\t\t\t\t<\/div>\n\t\t\t\t<\/div>\n\t\t\t\t<\/div>\n\t\t","protected":false},"excerpt":{"rendered":"<p>Articulos cient\u00edficos Enlaces externos Nunc turpis urna, pellentesque id sagittis a, molestie et magna. Ut elementum ornare odio Nunc turpis urna, pellentesque id sagittis a, molestie et magna. Ut elementum ornare odio Nunc turpis urna, pellentesque id sagittis a, molestie et magna. Ut elementum ornare odio Nunc turpis urna, pellentesque id sagittis a, molestie et [&hellip;]<\/p>\n","protected":false},"author":1,"featured_media":0,"parent":0,"menu_order":0,"comment_status":"closed","ping_status":"closed","template":"","meta":{"_acf_changed":false,"footnotes":""},"class_list":["post-104","page","type-page","status-publish","hentry"],"acf":[],"yoast_head":"<!-- This site is optimized with the Yoast SEO plugin v26.4 - https:\/\/yoast.com\/wordpress\/plugins\/seo\/ -->\n<title>Aprende m\u00e1s aqu\u00ed - Hany<\/title>\n<meta name=\"robots\" content=\"index, follow, max-snippet:-1, max-image-preview:large, max-video-preview:-1\" \/>\n<link rel=\"canonical\" href=\"https:\/\/gavilwebforge.com\/sitios\/hany\/recursos\/\" \/>\n<meta property=\"og:locale\" content=\"es_ES\" \/>\n<meta property=\"og:type\" content=\"article\" \/>\n<meta property=\"og:title\" content=\"Aprende m\u00e1s aqu\u00ed - Hany\" \/>\n<meta property=\"og:description\" content=\"Articulos cient\u00edficos Enlaces externos Nunc turpis urna, pellentesque id sagittis a, molestie et magna. Ut elementum ornare odio Nunc turpis urna, pellentesque id sagittis a, molestie et magna. Ut elementum ornare odio Nunc turpis urna, pellentesque id sagittis a, molestie et magna. Ut elementum ornare odio Nunc turpis urna, pellentesque id sagittis a, molestie et [&hellip;]\" \/>\n<meta property=\"og:url\" content=\"https:\/\/gavilwebforge.com\/sitios\/hany\/recursos\/\" \/>\n<meta property=\"og:site_name\" content=\"Hany\" \/>\n<meta property=\"article:modified_time\" content=\"2026-02-01T22:55:01+00:00\" \/>\n<meta property=\"og:image\" content=\"https:\/\/gavilwebforge.com\/sitios\/hany\/wp-content\/uploads\/2026\/02\/pexels-barnabas-davoti-31615494-25695963-scaled.jpg\" \/>\n\t<meta property=\"og:image:width\" content=\"2560\" \/>\n\t<meta property=\"og:image:height\" content=\"1708\" \/>\n\t<meta property=\"og:image:type\" content=\"image\/jpeg\" \/>\n<meta name=\"twitter:card\" content=\"summary_large_image\" \/>\n<meta name=\"twitter:label1\" content=\"Tiempo de lectura\" \/>\n\t<meta name=\"twitter:data1\" content=\"2 minutos\" \/>\n<script type=\"application\/ld+json\" class=\"yoast-schema-graph\">{\"@context\":\"https:\/\/schema.org\",\"@graph\":[{\"@type\":\"WebPage\",\"@id\":\"https:\/\/gavilwebforge.com\/sitios\/hany\/recursos\/\",\"url\":\"https:\/\/gavilwebforge.com\/sitios\/hany\/recursos\/\",\"name\":\"Aprende m\u00e1s aqu\u00ed - Hany\",\"isPartOf\":{\"@id\":\"https:\/\/gavilwebforge.com\/sitios\/hany\/#website\"},\"primaryImageOfPage\":{\"@id\":\"https:\/\/gavilwebforge.com\/sitios\/hany\/recursos\/#primaryimage\"},\"image\":{\"@id\":\"https:\/\/gavilwebforge.com\/sitios\/hany\/recursos\/#primaryimage\"},\"thumbnailUrl\":\"https:\/\/gavilwebforge.com\/sitios\/hany\/wp-content\/uploads\/2026\/02\/pexels-barnabas-davoti-31615494-25695963-scaled.jpg\",\"datePublished\":\"2024-02-21T01:59:19+00:00\",\"dateModified\":\"2026-02-01T22:55:01+00:00\",\"breadcrumb\":{\"@id\":\"https:\/\/gavilwebforge.com\/sitios\/hany\/recursos\/#breadcrumb\"},\"inLanguage\":\"es-CO\",\"potentialAction\":[{\"@type\":\"ReadAction\",\"target\":[\"https:\/\/gavilwebforge.com\/sitios\/hany\/recursos\/\"]}]},{\"@type\":\"ImageObject\",\"inLanguage\":\"es-CO\",\"@id\":\"https:\/\/gavilwebforge.com\/sitios\/hany\/recursos\/#primaryimage\",\"url\":\"https:\/\/gavilwebforge.com\/sitios\/hany\/wp-content\/uploads\/2026\/02\/pexels-barnabas-davoti-31615494-25695963-scaled.jpg\",\"contentUrl\":\"https:\/\/gavilwebforge.com\/sitios\/hany\/wp-content\/uploads\/2026\/02\/pexels-barnabas-davoti-31615494-25695963-scaled.jpg\",\"width\":2560,\"height\":1708,\"caption\":\"perros jugando\"},{\"@type\":\"BreadcrumbList\",\"@id\":\"https:\/\/gavilwebforge.com\/sitios\/hany\/recursos\/#breadcrumb\",\"itemListElement\":[{\"@type\":\"ListItem\",\"position\":1,\"name\":\"Inicio\",\"item\":\"https:\/\/gavilwebforge.com\/sitios\/hany\/\"},{\"@type\":\"ListItem\",\"position\":2,\"name\":\"Aprende m\u00e1s aqu\u00ed\"}]},{\"@type\":\"WebSite\",\"@id\":\"https:\/\/gavilwebforge.com\/sitios\/hany\/#website\",\"url\":\"https:\/\/gavilwebforge.com\/sitios\/hany\/\",\"name\":\"Hany\",\"description\":\"A tu lado por siempre\",\"publisher\":{\"@id\":\"https:\/\/gavilwebforge.com\/sitios\/hany\/#organization\"},\"potentialAction\":[{\"@type\":\"SearchAction\",\"target\":{\"@type\":\"EntryPoint\",\"urlTemplate\":\"https:\/\/gavilwebforge.com\/sitios\/hany\/?s={search_term_string}\"},\"query-input\":{\"@type\":\"PropertyValueSpecification\",\"valueRequired\":true,\"valueName\":\"search_term_string\"}}],\"inLanguage\":\"es-CO\"},{\"@type\":\"Organization\",\"@id\":\"https:\/\/gavilwebforge.com\/sitios\/hany\/#organization\",\"name\":\"Hany\",\"url\":\"https:\/\/gavilwebforge.com\/sitios\/hany\/\",\"logo\":{\"@type\":\"ImageObject\",\"inLanguage\":\"es-CO\",\"@id\":\"https:\/\/gavilwebforge.com\/sitios\/hany\/#\/schema\/logo\/image\/\",\"url\":\"https:\/\/gavilwebforge.com\/sitios\/hany\/wp-content\/uploads\/2024\/02\/icono-hany.png\",\"contentUrl\":\"https:\/\/gavilwebforge.com\/sitios\/hany\/wp-content\/uploads\/2024\/02\/icono-hany.png\",\"width\":500,\"height\":500,\"caption\":\"Hany\"},\"image\":{\"@id\":\"https:\/\/gavilwebforge.com\/sitios\/hany\/#\/schema\/logo\/image\/\"},\"sameAs\":[\"https:\/\/www.youtube.com\/@HanyAtuladoporsiempre\",\"https:\/\/www.instagram.com\/hanyatulado\"]}]}<\/script>\n<!-- \/ Yoast SEO plugin. -->","yoast_head_json":{"title":"Aprende m\u00e1s aqu\u00ed - Hany","robots":{"index":"index","follow":"follow","max-snippet":"max-snippet:-1","max-image-preview":"max-image-preview:large","max-video-preview":"max-video-preview:-1"},"canonical":"https:\/\/gavilwebforge.com\/sitios\/hany\/recursos\/","og_locale":"es_ES","og_type":"article","og_title":"Aprende m\u00e1s aqu\u00ed - Hany","og_description":"Articulos cient\u00edficos Enlaces externos Nunc turpis urna, pellentesque id sagittis a, molestie et magna. Ut elementum ornare odio Nunc turpis urna, pellentesque id sagittis a, molestie et magna. Ut elementum ornare odio Nunc turpis urna, pellentesque id sagittis a, molestie et magna. Ut elementum ornare odio Nunc turpis urna, pellentesque id sagittis a, molestie et [&hellip;]","og_url":"https:\/\/gavilwebforge.com\/sitios\/hany\/recursos\/","og_site_name":"Hany","article_modified_time":"2026-02-01T22:55:01+00:00","og_image":[{"width":2560,"height":1708,"url":"https:\/\/gavilwebforge.com\/sitios\/hany\/wp-content\/uploads\/2026\/02\/pexels-barnabas-davoti-31615494-25695963-scaled.jpg","type":"image\/jpeg"}],"twitter_card":"summary_large_image","twitter_misc":{"Tiempo de lectura":"2 minutos"},"schema":{"@context":"https:\/\/schema.org","@graph":[{"@type":"WebPage","@id":"https:\/\/gavilwebforge.com\/sitios\/hany\/recursos\/","url":"https:\/\/gavilwebforge.com\/sitios\/hany\/recursos\/","name":"Aprende m\u00e1s aqu\u00ed - Hany","isPartOf":{"@id":"https:\/\/gavilwebforge.com\/sitios\/hany\/#website"},"primaryImageOfPage":{"@id":"https:\/\/gavilwebforge.com\/sitios\/hany\/recursos\/#primaryimage"},"image":{"@id":"https:\/\/gavilwebforge.com\/sitios\/hany\/recursos\/#primaryimage"},"thumbnailUrl":"https:\/\/gavilwebforge.com\/sitios\/hany\/wp-content\/uploads\/2026\/02\/pexels-barnabas-davoti-31615494-25695963-scaled.jpg","datePublished":"2024-02-21T01:59:19+00:00","dateModified":"2026-02-01T22:55:01+00:00","breadcrumb":{"@id":"https:\/\/gavilwebforge.com\/sitios\/hany\/recursos\/#breadcrumb"},"inLanguage":"es-CO","potentialAction":[{"@type":"ReadAction","target":["https:\/\/gavilwebforge.com\/sitios\/hany\/recursos\/"]}]},{"@type":"ImageObject","inLanguage":"es-CO","@id":"https:\/\/gavilwebforge.com\/sitios\/hany\/recursos\/#primaryimage","url":"https:\/\/gavilwebforge.com\/sitios\/hany\/wp-content\/uploads\/2026\/02\/pexels-barnabas-davoti-31615494-25695963-scaled.jpg","contentUrl":"https:\/\/gavilwebforge.com\/sitios\/hany\/wp-content\/uploads\/2026\/02\/pexels-barnabas-davoti-31615494-25695963-scaled.jpg","width":2560,"height":1708,"caption":"perros jugando"},{"@type":"BreadcrumbList","@id":"https:\/\/gavilwebforge.com\/sitios\/hany\/recursos\/#breadcrumb","itemListElement":[{"@type":"ListItem","position":1,"name":"Inicio","item":"https:\/\/gavilwebforge.com\/sitios\/hany\/"},{"@type":"ListItem","position":2,"name":"Aprende m\u00e1s aqu\u00ed"}]},{"@type":"WebSite","@id":"https:\/\/gavilwebforge.com\/sitios\/hany\/#website","url":"https:\/\/gavilwebforge.com\/sitios\/hany\/","name":"Hany","description":"A tu lado por siempre","publisher":{"@id":"https:\/\/gavilwebforge.com\/sitios\/hany\/#organization"},"potentialAction":[{"@type":"SearchAction","target":{"@type":"EntryPoint","urlTemplate":"https:\/\/gavilwebforge.com\/sitios\/hany\/?s={search_term_string}"},"query-input":{"@type":"PropertyValueSpecification","valueRequired":true,"valueName":"search_term_string"}}],"inLanguage":"es-CO"},{"@type":"Organization","@id":"https:\/\/gavilwebforge.com\/sitios\/hany\/#organization","name":"Hany","url":"https:\/\/gavilwebforge.com\/sitios\/hany\/","logo":{"@type":"ImageObject","inLanguage":"es-CO","@id":"https:\/\/gavilwebforge.com\/sitios\/hany\/#\/schema\/logo\/image\/","url":"https:\/\/gavilwebforge.com\/sitios\/hany\/wp-content\/uploads\/2024\/02\/icono-hany.png","contentUrl":"https:\/\/gavilwebforge.com\/sitios\/hany\/wp-content\/uploads\/2024\/02\/icono-hany.png","width":500,"height":500,"caption":"Hany"},"image":{"@id":"https:\/\/gavilwebforge.com\/sitios\/hany\/#\/schema\/logo\/image\/"},"sameAs":["https:\/\/www.youtube.com\/@HanyAtuladoporsiempre","https:\/\/www.instagram.com\/hanyatulado"]}]}},"_links":{"self":[{"href":"https:\/\/gavilwebforge.com\/sitios\/hany\/wp-json\/wp\/v2\/pages\/104","targetHints":{"allow":["GET"]}}],"collection":[{"href":"https:\/\/gavilwebforge.com\/sitios\/hany\/wp-json\/wp\/v2\/pages"}],"about":[{"href":"https:\/\/gavilwebforge.com\/sitios\/hany\/wp-json\/wp\/v2\/types\/page"}],"author":[{"embeddable":true,"href":"https:\/\/gavilwebforge.com\/sitios\/hany\/wp-json\/wp\/v2\/users\/1"}],"replies":[{"embeddable":true,"href":"https:\/\/gavilwebforge.com\/sitios\/hany\/wp-json\/wp\/v2\/comments?post=104"}],"version-history":[{"count":8,"href":"https:\/\/gavilwebforge.com\/sitios\/hany\/wp-json\/wp\/v2\/pages\/104\/revisions"}],"predecessor-version":[{"id":1868,"href":"https:\/\/gavilwebforge.com\/sitios\/hany\/wp-json\/wp\/v2\/pages\/104\/revisions\/1868"}],"wp:attachment":[{"href":"https:\/\/gavilwebforge.com\/sitios\/hany\/wp-json\/wp\/v2\/media?parent=104"}],"curies":[{"name":"wp","href":"https:\/\/api.w.org\/{rel}","templated":true}]}}