{"id":106,"date":"2024-02-20T20:59:36","date_gmt":"2024-02-21T01:59:36","guid":{"rendered":"https:\/\/gavilwebforge.com\/sitios\/hany\/?page_id=106"},"modified":"2024-03-14T07:41:43","modified_gmt":"2024-03-14T12:41:43","slug":"haz-parte","status":"publish","type":"page","link":"https:\/\/gavilwebforge.com\/sitios\/hany\/haz-parte\/","title":{"rendered":"\u00a1Haz parte de nuestra familia!"},"content":{"rendered":"\t\t<div data-elementor-type=\"wp-page\" data-elementor-id=\"106\" class=\"elementor elementor-106\" data-elementor-post-type=\"page\">\n\t\t\t\t<div data-particle_enable=\"false\" data-particle-mobile-disabled=\"false\" class=\"elementor-element elementor-element-65d1808 e-con-full e-flex e-con e-parent\" data-id=\"65d1808\" data-element_type=\"container\" data-settings=\"{&quot;background_background&quot;:&quot;classic&quot;}\" data-core-v316-plus=\"true\">\n\t\t<div data-particle_enable=\"false\" data-particle-mobile-disabled=\"false\" class=\"elementor-element elementor-element-ac56814 e-flex e-con-boxed e-con e-child\" data-id=\"ac56814\" data-element_type=\"container\">\n\t\t\t\t\t<div class=\"e-con-inner\">\n\t\t<div data-particle_enable=\"false\" data-particle-mobile-disabled=\"false\" class=\"elementor-element elementor-element-ca2c0e1 e-flex e-con-boxed e-con e-child\" data-id=\"ca2c0e1\" data-element_type=\"container\" data-settings=\"{&quot;background_background&quot;:&quot;classic&quot;}\">\n\t\t\t\t\t<div class=\"e-con-inner\">\n\t\t\t\t<div class=\"elementor-element elementor-element-a06a09b elementor-widget elementor-widget-heading\" data-id=\"a06a09b\" data-element_type=\"widget\" data-widget_type=\"heading.default\">\n\t\t\t\t<div class=\"elementor-widget-container\">\n\t\t\t<style>\/*! elementor - v3.20.0 - 26-03-2024 *\/\n.elementor-heading-title{padding:0;margin:0;line-height:1}.elementor-widget-heading .elementor-heading-title[class*=elementor-size-]>a{color:inherit;font-size:inherit;line-height:inherit}.elementor-widget-heading .elementor-heading-title.elementor-size-small{font-size:15px}.elementor-widget-heading .elementor-heading-title.elementor-size-medium{font-size:19px}.elementor-widget-heading .elementor-heading-title.elementor-size-large{font-size:29px}.elementor-widget-heading .elementor-heading-title.elementor-size-xl{font-size:39px}.elementor-widget-heading .elementor-heading-title.elementor-size-xxl{font-size:59px}<\/style><h2 class=\"elementor-heading-title elementor-size-default\">\u00a1Hey Doc!\nHaz parte de nuestra familia Hany\n<\/h2>\t\t<\/div>\n\t\t\t\t<\/div>\n\t\t\t\t<div class=\"elementor-element elementor-element-d095d36 elementor-widget elementor-widget-heading\" data-id=\"d095d36\" data-element_type=\"widget\" data-widget_type=\"heading.default\">\n\t\t\t\t<div class=\"elementor-widget-container\">\n\t\t\t<h3 class=\"elementor-heading-title elementor-size-default\">Estamos emocionados de que est\u00e9s aqu\u00ed. Por favor, completa este breve formulario para que podamos entender mejor c\u00f3mo ayudarte.\n<\/h3>\t\t<\/div>\n\t\t\t\t<\/div>\n\t\t\t\t\t<\/div>\n\t\t\t\t<\/div>\n\t\t<div data-particle_enable=\"false\" data-particle-mobile-disabled=\"false\" class=\"elementor-element elementor-element-8f260ec e-con-full e-flex e-con e-child\" data-id=\"8f260ec\" data-element_type=\"container\" data-settings=\"{&quot;background_background&quot;:&quot;classic&quot;}\">\n\t\t<div data-particle_enable=\"false\" data-particle-mobile-disabled=\"false\" class=\"elementor-element elementor-element-5a1467b e-con-full e-flex e-con e-child\" data-id=\"5a1467b\" data-element_type=\"container\" data-settings=\"{&quot;background_background&quot;:&quot;classic&quot;}\">\n\t\t\t\t<div class=\"elementor-element elementor-element-8244664 elementor-widget elementor-widget-shortcode\" data-id=\"8244664\" data-element_type=\"widget\" data-widget_type=\"shortcode.default\">\n\t\t\t\t<div class=\"elementor-widget-container\">\n\t\t\t\t\t<div class=\"elementor-shortcode\">\n<div class=\"wpcf7 no-js\" id=\"wpcf7-f738-o1\" lang=\"es-CO\" dir=\"ltr\" data-wpcf7-id=\"738\">\n<div class=\"screen-reader-response\"><p role=\"status\" aria-live=\"polite\" aria-atomic=\"true\"><\/p> <ul><\/ul><\/div>\n<form action=\"\/sitios\/hany\/wp-json\/wp\/v2\/pages\/106#wpcf7-f738-o1\" method=\"post\" class=\"wpcf7-form init\" aria-label=\"Formulario de contacto\" novalidate=\"novalidate\" data-status=\"init\">\n<fieldset class=\"hidden-fields-container\"><input type=\"hidden\" name=\"_wpcf7\" value=\"738\" \/><input type=\"hidden\" name=\"_wpcf7_version\" value=\"6.1.4\" \/><input type=\"hidden\" name=\"_wpcf7_locale\" value=\"es_CO\" \/><input type=\"hidden\" name=\"_wpcf7_unit_tag\" value=\"wpcf7-f738-o1\" \/><input type=\"hidden\" name=\"_wpcf7_container_post\" value=\"0\" \/><input type=\"hidden\" name=\"_wpcf7_posted_data_hash\" value=\"\" \/>\n<\/fieldset>\n<p><label for=\"formNombre\" class=\"form-etiqueta\">Nombre<\/label><br \/>\n<span class=\"wpcf7-form-control-wrap\" data-name=\"nombre\"><input size=\"40\" maxlength=\"400\" class=\"wpcf7-form-control wpcf7-text wpcf7-validates-as-required\" id=\"formNombre\" autocomplete=\"name\" aria-required=\"true\" aria-invalid=\"false\" value=\"\" type=\"text\" name=\"nombre\" \/><\/span>\n<\/p>\n<p><label for=\"formCiudad\" class=\"form-etiqueta\">Ciudad<\/label><br \/>\n<span class=\"wpcf7-form-control-wrap\" data-name=\"Ciudad\"><input size=\"40\" maxlength=\"400\" class=\"wpcf7-form-control wpcf7-text wpcf7-validates-as-required\" id=\"formCiudad\" aria-required=\"true\" aria-invalid=\"false\" value=\"\" type=\"text\" name=\"Ciudad\" \/><\/span>\n<\/p>\n<p><label for=\"formTelefono\" class=\"form-etiqueta\">Telef\u00f3no<\/label><br \/>\n<span class=\"wpcf7-form-control-wrap\" data-name=\"telefono\"><input size=\"40\" maxlength=\"400\" class=\"wpcf7-form-control wpcf7-tel wpcf7-validates-as-required wpcf7-text wpcf7-validates-as-tel\" id=\"formTelefono\" aria-required=\"true\" aria-invalid=\"false\" value=\"\" type=\"tel\" name=\"telefono\" \/><\/span>\n<\/p>\n<p><label for=\"formCorreo\" class=\"form-etiqueta\">Correo electr\u00f3nico<\/label><br \/>\n<span class=\"wpcf7-form-control-wrap\" data-name=\"your-email\"><input size=\"40\" maxlength=\"400\" class=\"wpcf7-form-control wpcf7-email wpcf7-validates-as-required wpcf7-text wpcf7-validates-as-email\" id=\"formCorreo\" autocomplete=\"email\" aria-required=\"true\" aria-invalid=\"false\" value=\"\" type=\"email\" name=\"your-email\" \/><\/span>\n<\/p>\n<p><label for=\"formTratamiento\" class=\"form-etiqueta\">Tratamiento<\/label><br \/>\n<span class=\"wpcf7-form-control-wrap\" data-name=\"Tratamiento\"><select class=\"wpcf7-form-control wpcf7-select\" id=\"formTratamiento\" aria-invalid=\"false\" name=\"Tratamiento\"><option value=\"Elige una opci\u00f3n\">Elige una opci\u00f3n<\/option><option value=\"Super kit dolor cr\u00f3nico\">Super kit dolor cr\u00f3nico<\/option><option value=\"Kit distemper canino\">Kit distemper canino<\/option><option value=\"Kit ehrlichia\">Kit ehrlichia<\/option><option value=\"Kit sida felino\">Kit sida felino<\/option><option value=\"Kit leucemia felina\">Kit leucemia felina<\/option><option value=\"Kit \n     coronavirus felino\">Kit \n     coronavirus felino<\/option><option value=\"Kit \n     rejuvenecimiento, prevenci\u00f3n y larga vida\">Kit \n     rejuvenecimiento, prevenci\u00f3n y larga vida<\/option><\/select><\/span>\n<\/p>\n<p><label for=\"formTipoConsulta\" class=\"form-etiqueta\">\u00bfEres m\u00e9dico veterinario o pap\u00e1 \/ mam\u00e1 de la mascota?<\/label><br \/>\n<span class=\"wpcf7-form-control-wrap\" data-name=\"tatencion\"><select class=\"wpcf7-form-control wpcf7-select\" id=\"formTipoConsulta\" aria-invalid=\"false\" name=\"tatencion\"><option value=\"Elige una opci\u00f3n\">Elige una opci\u00f3n<\/option><option value=\"M\u00e9dico veterinario\">M\u00e9dico veterinario<\/option><option value=\"Pap\u00e1 \/ mam\u00e1 de mascota\">Pap\u00e1 \/ mam\u00e1 de mascota<\/option><\/select><\/span>\n<\/p>\n<p><label for=\"formMensaje\" class=\"form-etiqueta\">Mensaje<\/label><br \/>\n<span class=\"wpcf7-form-control-wrap\" data-name=\"mensaje\"><textarea cols=\"40\" rows=\"10\" maxlength=\"2000\" class=\"wpcf7-form-control wpcf7-textarea wpcf7-validates-as-required\" id=\"formMensaje\" aria-required=\"true\" aria-invalid=\"false\" name=\"mensaje\"><\/textarea><\/span>\n<\/p>\n<div class=\"form-boton-enviar\">\n\t<p><input class=\"wpcf7-form-control wpcf7-submit has-spinner\" type=\"submit\" value=\"Enviar\" \/>\n\t<\/p>\n<\/div><input type='hidden' class='wpcf7-pum' value='{\"closepopup\":false,\"closedelay\":0,\"openpopup\":false,\"openpopup_id\":0}' \/><div class=\"wpcf7-response-output\" aria-hidden=\"true\"><\/div>\n<\/form>\n<\/div>\n<\/div>\n\t\t\t\t<\/div>\n\t\t\t\t<\/div>\n\t\t\t\t<\/div>\n\t\t\t\t<\/div>\n\t\t\t\t\t<\/div>\n\t\t\t\t<\/div>\n\t\t\t\t<\/div>\n\t\t\t\t<\/div>\n\t\t","protected":false},"excerpt":{"rendered":"<p>\u00a1Hey Doc! Haz parte de nuestra familia Hany Estamos emocionados de que est\u00e9s aqu\u00ed. Por favor, completa este breve formulario para que podamos entender mejor c\u00f3mo ayudarte.<\/p>\n","protected":false},"author":1,"featured_media":0,"parent":0,"menu_order":0,"comment_status":"closed","ping_status":"closed","template":"","meta":{"_acf_changed":false,"footnotes":""},"class_list":["post-106","page","type-page","status-publish","hentry"],"acf":[],"yoast_head":"<!-- This site is optimized with the Yoast SEO plugin v26.4 - https:\/\/yoast.com\/wordpress\/plugins\/seo\/ -->\n<title>\u00a1Haz parte de nuestra familia! - Hany<\/title>\n<meta name=\"robots\" content=\"index, follow, max-snippet:-1, max-image-preview:large, max-video-preview:-1\" \/>\n<link rel=\"canonical\" href=\"https:\/\/gavilwebforge.com\/sitios\/hany\/haz-parte\/\" \/>\n<meta property=\"og:locale\" content=\"es_ES\" \/>\n<meta property=\"og:type\" content=\"article\" \/>\n<meta property=\"og:title\" content=\"\u00a1Haz parte de nuestra familia! - Hany\" \/>\n<meta property=\"og:description\" content=\"\u00a1Hey Doc! Haz parte de nuestra familia Hany Estamos emocionados de que est\u00e9s aqu\u00ed. Por favor, completa este breve formulario para que podamos entender mejor c\u00f3mo ayudarte.\" \/>\n<meta property=\"og:url\" content=\"https:\/\/gavilwebforge.com\/sitios\/hany\/haz-parte\/\" \/>\n<meta property=\"og:site_name\" content=\"Hany\" \/>\n<meta property=\"article:modified_time\" content=\"2024-03-14T12:41:43+00:00\" \/>\n<meta name=\"twitter:card\" content=\"summary_large_image\" \/>\n<script type=\"application\/ld+json\" class=\"yoast-schema-graph\">{\"@context\":\"https:\/\/schema.org\",\"@graph\":[{\"@type\":\"WebPage\",\"@id\":\"https:\/\/gavilwebforge.com\/sitios\/hany\/haz-parte\/\",\"url\":\"https:\/\/gavilwebforge.com\/sitios\/hany\/haz-parte\/\",\"name\":\"\u00a1Haz parte de nuestra familia! - Hany\",\"isPartOf\":{\"@id\":\"https:\/\/gavilwebforge.com\/sitios\/hany\/#website\"},\"datePublished\":\"2024-02-21T01:59:36+00:00\",\"dateModified\":\"2024-03-14T12:41:43+00:00\",\"breadcrumb\":{\"@id\":\"https:\/\/gavilwebforge.com\/sitios\/hany\/haz-parte\/#breadcrumb\"},\"inLanguage\":\"es-CO\",\"potentialAction\":[{\"@type\":\"ReadAction\",\"target\":[\"https:\/\/gavilwebforge.com\/sitios\/hany\/haz-parte\/\"]}]},{\"@type\":\"BreadcrumbList\",\"@id\":\"https:\/\/gavilwebforge.com\/sitios\/hany\/haz-parte\/#breadcrumb\",\"itemListElement\":[{\"@type\":\"ListItem\",\"position\":1,\"name\":\"Inicio\",\"item\":\"https:\/\/gavilwebforge.com\/sitios\/hany\/\"},{\"@type\":\"ListItem\",\"position\":2,\"name\":\"\u00a1Haz parte de nuestra familia!\"}]},{\"@type\":\"WebSite\",\"@id\":\"https:\/\/gavilwebforge.com\/sitios\/hany\/#website\",\"url\":\"https:\/\/gavilwebforge.com\/sitios\/hany\/\",\"name\":\"Hany\",\"description\":\"A tu lado por siempre\",\"publisher\":{\"@id\":\"https:\/\/gavilwebforge.com\/sitios\/hany\/#organization\"},\"potentialAction\":[{\"@type\":\"SearchAction\",\"target\":{\"@type\":\"EntryPoint\",\"urlTemplate\":\"https:\/\/gavilwebforge.com\/sitios\/hany\/?s={search_term_string}\"},\"query-input\":{\"@type\":\"PropertyValueSpecification\",\"valueRequired\":true,\"valueName\":\"search_term_string\"}}],\"inLanguage\":\"es-CO\"},{\"@type\":\"Organization\",\"@id\":\"https:\/\/gavilwebforge.com\/sitios\/hany\/#organization\",\"name\":\"Hany\",\"url\":\"https:\/\/gavilwebforge.com\/sitios\/hany\/\",\"logo\":{\"@type\":\"ImageObject\",\"inLanguage\":\"es-CO\",\"@id\":\"https:\/\/gavilwebforge.com\/sitios\/hany\/#\/schema\/logo\/image\/\",\"url\":\"https:\/\/gavilwebforge.com\/sitios\/hany\/wp-content\/uploads\/2024\/02\/icono-hany.png\",\"contentUrl\":\"https:\/\/gavilwebforge.com\/sitios\/hany\/wp-content\/uploads\/2024\/02\/icono-hany.png\",\"width\":500,\"height\":500,\"caption\":\"Hany\"},\"image\":{\"@id\":\"https:\/\/gavilwebforge.com\/sitios\/hany\/#\/schema\/logo\/image\/\"},\"sameAs\":[\"https:\/\/www.youtube.com\/@HanyAtuladoporsiempre\",\"https:\/\/www.instagram.com\/hanyatulado\"]}]}<\/script>\n<!-- \/ Yoast SEO plugin. -->","yoast_head_json":{"title":"\u00a1Haz parte de nuestra familia! - Hany","robots":{"index":"index","follow":"follow","max-snippet":"max-snippet:-1","max-image-preview":"max-image-preview:large","max-video-preview":"max-video-preview:-1"},"canonical":"https:\/\/gavilwebforge.com\/sitios\/hany\/haz-parte\/","og_locale":"es_ES","og_type":"article","og_title":"\u00a1Haz parte de nuestra familia! - Hany","og_description":"\u00a1Hey Doc! Haz parte de nuestra familia Hany Estamos emocionados de que est\u00e9s aqu\u00ed. Por favor, completa este breve formulario para que podamos entender mejor c\u00f3mo ayudarte.","og_url":"https:\/\/gavilwebforge.com\/sitios\/hany\/haz-parte\/","og_site_name":"Hany","article_modified_time":"2024-03-14T12:41:43+00:00","twitter_card":"summary_large_image","schema":{"@context":"https:\/\/schema.org","@graph":[{"@type":"WebPage","@id":"https:\/\/gavilwebforge.com\/sitios\/hany\/haz-parte\/","url":"https:\/\/gavilwebforge.com\/sitios\/hany\/haz-parte\/","name":"\u00a1Haz parte de nuestra familia! - Hany","isPartOf":{"@id":"https:\/\/gavilwebforge.com\/sitios\/hany\/#website"},"datePublished":"2024-02-21T01:59:36+00:00","dateModified":"2024-03-14T12:41:43+00:00","breadcrumb":{"@id":"https:\/\/gavilwebforge.com\/sitios\/hany\/haz-parte\/#breadcrumb"},"inLanguage":"es-CO","potentialAction":[{"@type":"ReadAction","target":["https:\/\/gavilwebforge.com\/sitios\/hany\/haz-parte\/"]}]},{"@type":"BreadcrumbList","@id":"https:\/\/gavilwebforge.com\/sitios\/hany\/haz-parte\/#breadcrumb","itemListElement":[{"@type":"ListItem","position":1,"name":"Inicio","item":"https:\/\/gavilwebforge.com\/sitios\/hany\/"},{"@type":"ListItem","position":2,"name":"\u00a1Haz parte de nuestra familia!"}]},{"@type":"WebSite","@id":"https:\/\/gavilwebforge.com\/sitios\/hany\/#website","url":"https:\/\/gavilwebforge.com\/sitios\/hany\/","name":"Hany","description":"A tu lado por siempre","publisher":{"@id":"https:\/\/gavilwebforge.com\/sitios\/hany\/#organization"},"potentialAction":[{"@type":"SearchAction","target":{"@type":"EntryPoint","urlTemplate":"https:\/\/gavilwebforge.com\/sitios\/hany\/?s={search_term_string}"},"query-input":{"@type":"PropertyValueSpecification","valueRequired":true,"valueName":"search_term_string"}}],"inLanguage":"es-CO"},{"@type":"Organization","@id":"https:\/\/gavilwebforge.com\/sitios\/hany\/#organization","name":"Hany","url":"https:\/\/gavilwebforge.com\/sitios\/hany\/","logo":{"@type":"ImageObject","inLanguage":"es-CO","@id":"https:\/\/gavilwebforge.com\/sitios\/hany\/#\/schema\/logo\/image\/","url":"https:\/\/gavilwebforge.com\/sitios\/hany\/wp-content\/uploads\/2024\/02\/icono-hany.png","contentUrl":"https:\/\/gavilwebforge.com\/sitios\/hany\/wp-content\/uploads\/2024\/02\/icono-hany.png","width":500,"height":500,"caption":"Hany"},"image":{"@id":"https:\/\/gavilwebforge.com\/sitios\/hany\/#\/schema\/logo\/image\/"},"sameAs":["https:\/\/www.youtube.com\/@HanyAtuladoporsiempre","https:\/\/www.instagram.com\/hanyatulado"]}]}},"_links":{"self":[{"href":"https:\/\/gavilwebforge.com\/sitios\/hany\/wp-json\/wp\/v2\/pages\/106","targetHints":{"allow":["GET"]}}],"collection":[{"href":"https:\/\/gavilwebforge.com\/sitios\/hany\/wp-json\/wp\/v2\/pages"}],"about":[{"href":"https:\/\/gavilwebforge.com\/sitios\/hany\/wp-json\/wp\/v2\/types\/page"}],"author":[{"embeddable":true,"href":"https:\/\/gavilwebforge.com\/sitios\/hany\/wp-json\/wp\/v2\/users\/1"}],"replies":[{"embeddable":true,"href":"https:\/\/gavilwebforge.com\/sitios\/hany\/wp-json\/wp\/v2\/comments?post=106"}],"version-history":[{"count":2,"href":"https:\/\/gavilwebforge.com\/sitios\/hany\/wp-json\/wp\/v2\/pages\/106\/revisions"}],"predecessor-version":[{"id":563,"href":"https:\/\/gavilwebforge.com\/sitios\/hany\/wp-json\/wp\/v2\/pages\/106\/revisions\/563"}],"wp:attachment":[{"href":"https:\/\/gavilwebforge.com\/sitios\/hany\/wp-json\/wp\/v2\/media?parent=106"}],"curies":[{"name":"wp","href":"https:\/\/api.w.org\/{rel}","templated":true}]}}