{"id":1520,"date":"2025-10-13T09:13:38","date_gmt":"2025-10-13T14:13:38","guid":{"rendered":"https:\/\/gavilwebforge.com\/sitios\/hany\/?page_id=1520"},"modified":"2026-02-20T20:47:25","modified_gmt":"2026-02-21T01:47:25","slug":"equipo-hany","status":"publish","type":"page","link":"https:\/\/gavilwebforge.com\/sitios\/hany\/equipo-hany\/","title":{"rendered":"Equipo Hany"},"content":{"rendered":"\t\t<div data-elementor-type=\"wp-page\" data-elementor-id=\"1520\" class=\"elementor elementor-1520\" data-elementor-post-type=\"page\">\n\t\t\t\t<div data-particle_enable=\"false\" data-particle-mobile-disabled=\"false\" class=\"elementor-element elementor-element-28ecd45 e-con-full e-flex e-con e-parent\" data-id=\"28ecd45\" data-element_type=\"container\" data-settings=\"{&quot;background_background&quot;:&quot;classic&quot;}\" data-core-v316-plus=\"true\">\n\t\t\t\t<div class=\"elementor-element elementor-element-c74543c elementor-widget elementor-widget-image\" data-id=\"c74543c\" data-element_type=\"widget\" data-widget_type=\"image.default\">\n\t\t\t\t<div class=\"elementor-widget-container\">\n\t\t\t<style>\/*! elementor - v3.20.0 - 26-03-2024 *\/\n.elementor-widget-image{text-align:center}.elementor-widget-image a{display:inline-block}.elementor-widget-image a img[src$=\".svg\"]{width:48px}.elementor-widget-image img{vertical-align:middle;display:inline-block}<\/style>\t\t\t\t\t\t\t\t\t\t<img fetchpriority=\"high\" decoding=\"async\" width=\"1600\" height=\"603\" src=\"https:\/\/gavilwebforge.com\/sitios\/hany\/wp-content\/uploads\/2026\/02\/header-3-e1771638433460.jpg\" class=\"attachment-full size-full wp-image-1917\" alt=\"\" srcset=\"https:\/\/gavilwebforge.com\/sitios\/hany\/wp-content\/uploads\/2026\/02\/header-3-e1771638433460.jpg 1600w, https:\/\/gavilwebforge.com\/sitios\/hany\/wp-content\/uploads\/2026\/02\/header-3-e1771638433460-300x113.jpg 300w, https:\/\/gavilwebforge.com\/sitios\/hany\/wp-content\/uploads\/2026\/02\/header-3-e1771638433460-1024x386.jpg 1024w, https:\/\/gavilwebforge.com\/sitios\/hany\/wp-content\/uploads\/2026\/02\/header-3-e1771638433460-768x289.jpg 768w, https:\/\/gavilwebforge.com\/sitios\/hany\/wp-content\/uploads\/2026\/02\/header-3-e1771638433460-1536x579.jpg 1536w\" sizes=\"(max-width: 1600px) 100vw, 1600px\" \/>\t\t\t\t\t\t\t\t\t\t\t\t\t<\/div>\n\t\t\t\t<\/div>\n\t\t<div data-particle_enable=\"false\" data-particle-mobile-disabled=\"false\" class=\"elementor-element elementor-element-7ff5be1 e-con-full e-flex e-con e-child\" data-id=\"7ff5be1\" data-element_type=\"container\" data-settings=\"{&quot;background_background&quot;:&quot;classic&quot;}\">\n\t\t\t\t<div class=\"elementor-element elementor-element-1a0877e elementor-widget elementor-widget-heading\" data-id=\"1a0877e\" data-element_type=\"widget\" data-widget_type=\"heading.default\">\n\t\t\t\t<div class=\"elementor-widget-container\">\n\t\t\t<style>\/*! elementor - v3.20.0 - 26-03-2024 *\/\n.elementor-heading-title{padding:0;margin:0;line-height:1}.elementor-widget-heading .elementor-heading-title[class*=elementor-size-]>a{color:inherit;font-size:inherit;line-height:inherit}.elementor-widget-heading .elementor-heading-title.elementor-size-small{font-size:15px}.elementor-widget-heading .elementor-heading-title.elementor-size-medium{font-size:19px}.elementor-widget-heading .elementor-heading-title.elementor-size-large{font-size:29px}.elementor-widget-heading .elementor-heading-title.elementor-size-xl{font-size:39px}.elementor-widget-heading .elementor-heading-title.elementor-size-xxl{font-size:59px}<\/style><h1 class=\"elementor-heading-title elementor-size-default\">Equipo Hany<\/h1>\t\t<\/div>\n\t\t\t\t<\/div>\n\t\t\t\t<\/div>\n\t\t\t\t<\/div>\n\t\t<div data-particle_enable=\"false\" data-particle-mobile-disabled=\"false\" class=\"elementor-element elementor-element-02a97d1 e-flex e-con-boxed e-con e-parent\" data-id=\"02a97d1\" data-element_type=\"container\" data-settings=\"{&quot;background_background&quot;:&quot;classic&quot;}\" data-core-v316-plus=\"true\">\n\t\t\t\t\t<div class=\"e-con-inner\">\n\t\t\t\t<div class=\"elementor-element elementor-element-a31e59a elementor-widget elementor-widget-text-editor\" data-id=\"a31e59a\" data-element_type=\"widget\" data-widget_type=\"text-editor.default\">\n\t\t\t\t<div class=\"elementor-widget-container\">\n\t\t\t<style>\/*! elementor - v3.20.0 - 26-03-2024 *\/\n.elementor-widget-text-editor.elementor-drop-cap-view-stacked .elementor-drop-cap{background-color:#69727d;color:#fff}.elementor-widget-text-editor.elementor-drop-cap-view-framed .elementor-drop-cap{color:#69727d;border:3px solid;background-color:transparent}.elementor-widget-text-editor:not(.elementor-drop-cap-view-default) .elementor-drop-cap{margin-top:8px}.elementor-widget-text-editor:not(.elementor-drop-cap-view-default) .elementor-drop-cap-letter{width:1em;height:1em}.elementor-widget-text-editor .elementor-drop-cap{float:left;text-align:center;line-height:1;font-size:50px}.elementor-widget-text-editor .elementor-drop-cap-letter{display:inline-block}<\/style>\t\t\t\t<p>M\u00e1s que doctores, somos aliados de vida. Manos expertas y corazones comprometidos dedicados a regalarle a\u00f1os de calidad y bienestar a tu peludo.<\/p>\t\t\t\t\t\t<\/div>\n\t\t\t\t<\/div>\n\t\t\t\t\t<\/div>\n\t\t\t\t<\/div>\n\t\t<div data-particle_enable=\"false\" data-particle-mobile-disabled=\"false\" class=\"elementor-element elementor-element-6f57b54 e-flex e-con-boxed e-con e-parent\" data-id=\"6f57b54\" data-element_type=\"container\" data-settings=\"{&quot;background_background&quot;:&quot;classic&quot;}\" data-core-v316-plus=\"true\">\n\t\t\t\t\t<div class=\"e-con-inner\">\n\t\t<div data-particle_enable=\"false\" data-particle-mobile-disabled=\"false\" class=\"elementor-element elementor-element-491ff1e e-flex e-con-boxed e-con e-child\" data-id=\"491ff1e\" data-element_type=\"container\">\n\t\t\t\t\t<div class=\"e-con-inner\">\n\t\t<div data-particle_enable=\"false\" data-particle-mobile-disabled=\"false\" class=\"elementor-element elementor-element-aafe5b4 e-flex e-con-boxed e-con e-child\" data-id=\"aafe5b4\" data-element_type=\"container\" data-settings=\"{&quot;background_background&quot;:&quot;classic&quot;}\">\n\t\t\t\t\t<div class=\"e-con-inner\">\n\t\t\t\t<div class=\"elementor-element elementor-element-e1c3400 elementor-widget elementor-widget-image\" data-id=\"e1c3400\" data-element_type=\"widget\" data-widget_type=\"image.default\">\n\t\t\t\t<div class=\"elementor-widget-container\">\n\t\t\t\t\t\t\t\t\t\t\t\t\t<img decoding=\"async\" width=\"296\" height=\"300\" src=\"https:\/\/gavilwebforge.com\/sitios\/hany\/wp-content\/uploads\/2025\/10\/dr-jorge-1-recortado-296x300.png\" class=\"attachment-medium size-medium wp-image-1536\" alt=\"imagen dr jorge\" srcset=\"https:\/\/gavilwebforge.com\/sitios\/hany\/wp-content\/uploads\/2025\/10\/dr-jorge-1-recortado-296x300.png 296w, https:\/\/gavilwebforge.com\/sitios\/hany\/wp-content\/uploads\/2025\/10\/dr-jorge-1-recortado-600x608.png 600w, https:\/\/gavilwebforge.com\/sitios\/hany\/wp-content\/uploads\/2025\/10\/dr-jorge-1-recortado-100x100.png 100w, https:\/\/gavilwebforge.com\/sitios\/hany\/wp-content\/uploads\/2025\/10\/dr-jorge-1-recortado.png 764w\" sizes=\"(max-width: 296px) 100vw, 296px\" \/>\t\t\t\t\t\t\t\t\t\t\t\t\t<\/div>\n\t\t\t\t<\/div>\n\t\t<div data-particle_enable=\"false\" data-particle-mobile-disabled=\"false\" class=\"elementor-element elementor-element-3b8da5a e-flex e-con-boxed e-con e-child\" data-id=\"3b8da5a\" data-element_type=\"container\">\n\t\t\t\t\t<div class=\"e-con-inner\">\n\t\t\t\t<div class=\"elementor-element elementor-element-bc9c815 elementor-widget elementor-widget-heading\" data-id=\"bc9c815\" data-element_type=\"widget\" data-widget_type=\"heading.default\">\n\t\t\t\t<div class=\"elementor-widget-container\">\n\t\t\t<h3 class=\"elementor-heading-title elementor-size-default\">Dr. Jorge Corredor<\/h3>\t\t<\/div>\n\t\t\t\t<\/div>\n\t\t\t\t<div class=\"elementor-element elementor-element-db64699 elementor-widget elementor-widget-text-editor\" data-id=\"db64699\" data-element_type=\"widget\" data-widget_type=\"text-editor.default\">\n\t\t\t\t<div class=\"elementor-widget-container\">\n\t\t\t\t\t\t\t<p>M\u00e9dico veterinario<\/p>\t\t\t\t\t\t<\/div>\n\t\t\t\t<\/div>\n\t\t\t\t<div class=\"elementor-element elementor-element-6bc3bee elementor-align-center elementor-widget elementor-widget-button\" data-id=\"6bc3bee\" data-element_type=\"widget\" data-widget_type=\"button.default\">\n\t\t\t\t<div class=\"elementor-widget-container\">\n\t\t\t\t\t<div class=\"elementor-button-wrapper\">\n\t\t\t<a class=\"elementor-button elementor-button-link elementor-size-md elementor-animation-grow\" href=\"https:\/\/gavilwebforge.com\/sitios\/hany\/jorge-corredor\/\">\n\t\t\t\t\t\t<span class=\"elementor-button-content-wrapper\">\n\t\t\t\t\t\t<span class=\"elementor-button-text\">Con\u00f3ceme<\/span>\n\t\t<\/span>\n\t\t\t\t\t<\/a>\n\t\t<\/div>\n\t\t\t\t<\/div>\n\t\t\t\t<\/div>\n\t\t\t\t\t<\/div>\n\t\t\t\t<\/div>\n\t\t\t\t\t<\/div>\n\t\t\t\t<\/div>\n\t\t<div data-particle_enable=\"false\" data-particle-mobile-disabled=\"false\" class=\"elementor-element elementor-element-f192614 e-flex e-con-boxed e-con e-child\" data-id=\"f192614\" data-element_type=\"container\" data-settings=\"{&quot;background_background&quot;:&quot;classic&quot;}\">\n\t\t\t\t\t<div class=\"e-con-inner\">\n\t\t\t\t<div class=\"elementor-element elementor-element-324a1cc elementor-widget elementor-widget-image\" data-id=\"324a1cc\" data-element_type=\"widget\" data-widget_type=\"image.default\">\n\t\t\t\t<div class=\"elementor-widget-container\">\n\t\t\t\t\t\t\t\t\t\t\t\t\t<img decoding=\"async\" width=\"292\" height=\"300\" src=\"https:\/\/gavilwebforge.com\/sitios\/hany\/wp-content\/uploads\/2025\/10\/dra-laura-gordillo-2-292x300.jpg\" class=\"attachment-medium size-medium wp-image-1615\" alt=\"dra laura gordillo\" srcset=\"https:\/\/gavilwebforge.com\/sitios\/hany\/wp-content\/uploads\/2025\/10\/dra-laura-gordillo-2-292x300.jpg 292w, https:\/\/gavilwebforge.com\/sitios\/hany\/wp-content\/uploads\/2025\/10\/dra-laura-gordillo-2-768x790.jpg 768w, https:\/\/gavilwebforge.com\/sitios\/hany\/wp-content\/uploads\/2025\/10\/dra-laura-gordillo-2-600x617.jpg 600w, https:\/\/gavilwebforge.com\/sitios\/hany\/wp-content\/uploads\/2025\/10\/dra-laura-gordillo-2.jpg 962w\" sizes=\"(max-width: 292px) 100vw, 292px\" \/>\t\t\t\t\t\t\t\t\t\t\t\t\t<\/div>\n\t\t\t\t<\/div>\n\t\t<div data-particle_enable=\"false\" data-particle-mobile-disabled=\"false\" class=\"elementor-element elementor-element-f9b3267 e-flex e-con-boxed e-con e-child\" data-id=\"f9b3267\" data-element_type=\"container\">\n\t\t\t\t\t<div class=\"e-con-inner\">\n\t\t\t\t<div class=\"elementor-element elementor-element-ffb0406 elementor-widget elementor-widget-heading\" data-id=\"ffb0406\" data-element_type=\"widget\" data-widget_type=\"heading.default\">\n\t\t\t\t<div class=\"elementor-widget-container\">\n\t\t\t<h3 class=\"elementor-heading-title elementor-size-default\">Dra. Laura Gordillo<\/h3>\t\t<\/div>\n\t\t\t\t<\/div>\n\t\t\t\t<div class=\"elementor-element elementor-element-518600a elementor-widget elementor-widget-text-editor\" data-id=\"518600a\" data-element_type=\"widget\" data-widget_type=\"text-editor.default\">\n\t\t\t\t<div class=\"elementor-widget-container\">\n\t\t\t\t\t\t\t<p>M\u00e9dica veterinaria<\/p>\t\t\t\t\t\t<\/div>\n\t\t\t\t<\/div>\n\t\t\t\t<div class=\"elementor-element elementor-element-14061f7 elementor-align-center elementor-widget elementor-widget-button\" data-id=\"14061f7\" data-element_type=\"widget\" data-widget_type=\"button.default\">\n\t\t\t\t<div class=\"elementor-widget-container\">\n\t\t\t\t\t<div class=\"elementor-button-wrapper\">\n\t\t\t<a class=\"elementor-button elementor-button-link elementor-size-md elementor-animation-grow\" href=\"https:\/\/gavilwebforge.com\/sitios\/hany\/laura-gordillo\/\">\n\t\t\t\t\t\t<span class=\"elementor-button-content-wrapper\">\n\t\t\t\t\t\t<span class=\"elementor-button-text\">Con\u00f3ceme<\/span>\n\t\t<\/span>\n\t\t\t\t\t<\/a>\n\t\t<\/div>\n\t\t\t\t<\/div>\n\t\t\t\t<\/div>\n\t\t\t\t\t<\/div>\n\t\t\t\t<\/div>\n\t\t\t\t\t<\/div>\n\t\t\t\t<\/div>\n\t\t\t\t\t<\/div>\n\t\t\t\t<\/div>\n\t\t\t\t\t<\/div>\n\t\t\t\t<\/div>\n\t\t\t\t<\/div>\n\t\t","protected":false},"excerpt":{"rendered":"<p>Equipo Hany M\u00e1s que doctores, somos aliados de vida. Manos expertas y corazones comprometidos dedicados a regalarle a\u00f1os de calidad y bienestar a tu peludo. Dr. Jorge Corredor M\u00e9dico veterinario Con\u00f3ceme Dra. Laura Gordillo M\u00e9dica veterinaria Con\u00f3ceme<\/p>\n","protected":false},"author":1,"featured_media":0,"parent":0,"menu_order":0,"comment_status":"closed","ping_status":"closed","template":"","meta":{"_acf_changed":false,"footnotes":""},"class_list":["post-1520","page","type-page","status-publish","hentry"],"acf":[],"yoast_head":"<!-- This site is optimized with the Yoast SEO plugin v26.4 - https:\/\/yoast.com\/wordpress\/plugins\/seo\/ -->\n<title>Equipo Hany - Hany<\/title>\n<meta name=\"robots\" content=\"index, follow, max-snippet:-1, max-image-preview:large, max-video-preview:-1\" \/>\n<link rel=\"canonical\" href=\"https:\/\/gavilwebforge.com\/sitios\/hany\/equipo-hany\/\" \/>\n<meta property=\"og:locale\" content=\"es_ES\" \/>\n<meta property=\"og:type\" content=\"article\" \/>\n<meta property=\"og:title\" content=\"Equipo Hany - Hany\" \/>\n<meta property=\"og:description\" content=\"Equipo Hany M\u00e1s que doctores, somos aliados de vida. Manos expertas y corazones comprometidos dedicados a regalarle a\u00f1os de calidad y bienestar a tu peludo. Dr. Jorge Corredor M\u00e9dico veterinario Con\u00f3ceme Dra. Laura Gordillo M\u00e9dica veterinaria Con\u00f3ceme\" \/>\n<meta property=\"og:url\" content=\"https:\/\/gavilwebforge.com\/sitios\/hany\/equipo-hany\/\" \/>\n<meta property=\"og:site_name\" content=\"Hany\" \/>\n<meta property=\"article:modified_time\" content=\"2026-02-21T01:47:25+00:00\" \/>\n<meta property=\"og:image\" content=\"https:\/\/gavilwebforge.com\/sitios\/hany\/wp-content\/uploads\/2026\/02\/header-3-e1771638433460.jpg\" \/>\n\t<meta property=\"og:image:width\" content=\"1600\" \/>\n\t<meta property=\"og:image:height\" content=\"603\" \/>\n\t<meta property=\"og:image:type\" content=\"image\/jpeg\" \/>\n<meta name=\"twitter:card\" content=\"summary_large_image\" \/>\n<meta name=\"twitter:label1\" content=\"Tiempo de lectura\" \/>\n\t<meta name=\"twitter:data1\" content=\"1 minuto\" \/>\n<script type=\"application\/ld+json\" class=\"yoast-schema-graph\">{\"@context\":\"https:\/\/schema.org\",\"@graph\":[{\"@type\":\"WebPage\",\"@id\":\"https:\/\/gavilwebforge.com\/sitios\/hany\/equipo-hany\/\",\"url\":\"https:\/\/gavilwebforge.com\/sitios\/hany\/equipo-hany\/\",\"name\":\"Equipo Hany - Hany\",\"isPartOf\":{\"@id\":\"https:\/\/gavilwebforge.com\/sitios\/hany\/#website\"},\"primaryImageOfPage\":{\"@id\":\"https:\/\/gavilwebforge.com\/sitios\/hany\/equipo-hany\/#primaryimage\"},\"image\":{\"@id\":\"https:\/\/gavilwebforge.com\/sitios\/hany\/equipo-hany\/#primaryimage\"},\"thumbnailUrl\":\"https:\/\/gavilwebforge.com\/sitios\/hany\/wp-content\/uploads\/2026\/02\/header-3-e1771638433460.jpg\",\"datePublished\":\"2025-10-13T14:13:38+00:00\",\"dateModified\":\"2026-02-21T01:47:25+00:00\",\"breadcrumb\":{\"@id\":\"https:\/\/gavilwebforge.com\/sitios\/hany\/equipo-hany\/#breadcrumb\"},\"inLanguage\":\"es-CO\",\"potentialAction\":[{\"@type\":\"ReadAction\",\"target\":[\"https:\/\/gavilwebforge.com\/sitios\/hany\/equipo-hany\/\"]}]},{\"@type\":\"ImageObject\",\"inLanguage\":\"es-CO\",\"@id\":\"https:\/\/gavilwebforge.com\/sitios\/hany\/equipo-hany\/#primaryimage\",\"url\":\"https:\/\/gavilwebforge.com\/sitios\/hany\/wp-content\/uploads\/2026\/02\/header-3-e1771638433460.jpg\",\"contentUrl\":\"https:\/\/gavilwebforge.com\/sitios\/hany\/wp-content\/uploads\/2026\/02\/header-3-e1771638433460.jpg\",\"width\":1600,\"height\":603},{\"@type\":\"BreadcrumbList\",\"@id\":\"https:\/\/gavilwebforge.com\/sitios\/hany\/equipo-hany\/#breadcrumb\",\"itemListElement\":[{\"@type\":\"ListItem\",\"position\":1,\"name\":\"Inicio\",\"item\":\"https:\/\/gavilwebforge.com\/sitios\/hany\/\"},{\"@type\":\"ListItem\",\"position\":2,\"name\":\"Equipo Hany\"}]},{\"@type\":\"WebSite\",\"@id\":\"https:\/\/gavilwebforge.com\/sitios\/hany\/#website\",\"url\":\"https:\/\/gavilwebforge.com\/sitios\/hany\/\",\"name\":\"Hany\",\"description\":\"A tu lado por siempre\",\"publisher\":{\"@id\":\"https:\/\/gavilwebforge.com\/sitios\/hany\/#organization\"},\"potentialAction\":[{\"@type\":\"SearchAction\",\"target\":{\"@type\":\"EntryPoint\",\"urlTemplate\":\"https:\/\/gavilwebforge.com\/sitios\/hany\/?s={search_term_string}\"},\"query-input\":{\"@type\":\"PropertyValueSpecification\",\"valueRequired\":true,\"valueName\":\"search_term_string\"}}],\"inLanguage\":\"es-CO\"},{\"@type\":\"Organization\",\"@id\":\"https:\/\/gavilwebforge.com\/sitios\/hany\/#organization\",\"name\":\"Hany\",\"url\":\"https:\/\/gavilwebforge.com\/sitios\/hany\/\",\"logo\":{\"@type\":\"ImageObject\",\"inLanguage\":\"es-CO\",\"@id\":\"https:\/\/gavilwebforge.com\/sitios\/hany\/#\/schema\/logo\/image\/\",\"url\":\"https:\/\/gavilwebforge.com\/sitios\/hany\/wp-content\/uploads\/2024\/02\/icono-hany.png\",\"contentUrl\":\"https:\/\/gavilwebforge.com\/sitios\/hany\/wp-content\/uploads\/2024\/02\/icono-hany.png\",\"width\":500,\"height\":500,\"caption\":\"Hany\"},\"image\":{\"@id\":\"https:\/\/gavilwebforge.com\/sitios\/hany\/#\/schema\/logo\/image\/\"},\"sameAs\":[\"https:\/\/www.youtube.com\/@HanyAtuladoporsiempre\",\"https:\/\/www.instagram.com\/hanyatulado\"]}]}<\/script>\n<!-- \/ Yoast SEO plugin. -->","yoast_head_json":{"title":"Equipo Hany - Hany","robots":{"index":"index","follow":"follow","max-snippet":"max-snippet:-1","max-image-preview":"max-image-preview:large","max-video-preview":"max-video-preview:-1"},"canonical":"https:\/\/gavilwebforge.com\/sitios\/hany\/equipo-hany\/","og_locale":"es_ES","og_type":"article","og_title":"Equipo Hany - Hany","og_description":"Equipo Hany M\u00e1s que doctores, somos aliados de vida. Manos expertas y corazones comprometidos dedicados a regalarle a\u00f1os de calidad y bienestar a tu peludo. Dr. Jorge Corredor M\u00e9dico veterinario Con\u00f3ceme Dra. Laura Gordillo M\u00e9dica veterinaria Con\u00f3ceme","og_url":"https:\/\/gavilwebforge.com\/sitios\/hany\/equipo-hany\/","og_site_name":"Hany","article_modified_time":"2026-02-21T01:47:25+00:00","og_image":[{"width":1600,"height":603,"url":"https:\/\/gavilwebforge.com\/sitios\/hany\/wp-content\/uploads\/2026\/02\/header-3-e1771638433460.jpg","type":"image\/jpeg"}],"twitter_card":"summary_large_image","twitter_misc":{"Tiempo de lectura":"1 minuto"},"schema":{"@context":"https:\/\/schema.org","@graph":[{"@type":"WebPage","@id":"https:\/\/gavilwebforge.com\/sitios\/hany\/equipo-hany\/","url":"https:\/\/gavilwebforge.com\/sitios\/hany\/equipo-hany\/","name":"Equipo Hany - Hany","isPartOf":{"@id":"https:\/\/gavilwebforge.com\/sitios\/hany\/#website"},"primaryImageOfPage":{"@id":"https:\/\/gavilwebforge.com\/sitios\/hany\/equipo-hany\/#primaryimage"},"image":{"@id":"https:\/\/gavilwebforge.com\/sitios\/hany\/equipo-hany\/#primaryimage"},"thumbnailUrl":"https:\/\/gavilwebforge.com\/sitios\/hany\/wp-content\/uploads\/2026\/02\/header-3-e1771638433460.jpg","datePublished":"2025-10-13T14:13:38+00:00","dateModified":"2026-02-21T01:47:25+00:00","breadcrumb":{"@id":"https:\/\/gavilwebforge.com\/sitios\/hany\/equipo-hany\/#breadcrumb"},"inLanguage":"es-CO","potentialAction":[{"@type":"ReadAction","target":["https:\/\/gavilwebforge.com\/sitios\/hany\/equipo-hany\/"]}]},{"@type":"ImageObject","inLanguage":"es-CO","@id":"https:\/\/gavilwebforge.com\/sitios\/hany\/equipo-hany\/#primaryimage","url":"https:\/\/gavilwebforge.com\/sitios\/hany\/wp-content\/uploads\/2026\/02\/header-3-e1771638433460.jpg","contentUrl":"https:\/\/gavilwebforge.com\/sitios\/hany\/wp-content\/uploads\/2026\/02\/header-3-e1771638433460.jpg","width":1600,"height":603},{"@type":"BreadcrumbList","@id":"https:\/\/gavilwebforge.com\/sitios\/hany\/equipo-hany\/#breadcrumb","itemListElement":[{"@type":"ListItem","position":1,"name":"Inicio","item":"https:\/\/gavilwebforge.com\/sitios\/hany\/"},{"@type":"ListItem","position":2,"name":"Equipo Hany"}]},{"@type":"WebSite","@id":"https:\/\/gavilwebforge.com\/sitios\/hany\/#website","url":"https:\/\/gavilwebforge.com\/sitios\/hany\/","name":"Hany","description":"A tu lado por siempre","publisher":{"@id":"https:\/\/gavilwebforge.com\/sitios\/hany\/#organization"},"potentialAction":[{"@type":"SearchAction","target":{"@type":"EntryPoint","urlTemplate":"https:\/\/gavilwebforge.com\/sitios\/hany\/?s={search_term_string}"},"query-input":{"@type":"PropertyValueSpecification","valueRequired":true,"valueName":"search_term_string"}}],"inLanguage":"es-CO"},{"@type":"Organization","@id":"https:\/\/gavilwebforge.com\/sitios\/hany\/#organization","name":"Hany","url":"https:\/\/gavilwebforge.com\/sitios\/hany\/","logo":{"@type":"ImageObject","inLanguage":"es-CO","@id":"https:\/\/gavilwebforge.com\/sitios\/hany\/#\/schema\/logo\/image\/","url":"https:\/\/gavilwebforge.com\/sitios\/hany\/wp-content\/uploads\/2024\/02\/icono-hany.png","contentUrl":"https:\/\/gavilwebforge.com\/sitios\/hany\/wp-content\/uploads\/2024\/02\/icono-hany.png","width":500,"height":500,"caption":"Hany"},"image":{"@id":"https:\/\/gavilwebforge.com\/sitios\/hany\/#\/schema\/logo\/image\/"},"sameAs":["https:\/\/www.youtube.com\/@HanyAtuladoporsiempre","https:\/\/www.instagram.com\/hanyatulado"]}]}},"_links":{"self":[{"href":"https:\/\/gavilwebforge.com\/sitios\/hany\/wp-json\/wp\/v2\/pages\/1520","targetHints":{"allow":["GET"]}}],"collection":[{"href":"https:\/\/gavilwebforge.com\/sitios\/hany\/wp-json\/wp\/v2\/pages"}],"about":[{"href":"https:\/\/gavilwebforge.com\/sitios\/hany\/wp-json\/wp\/v2\/types\/page"}],"author":[{"embeddable":true,"href":"https:\/\/gavilwebforge.com\/sitios\/hany\/wp-json\/wp\/v2\/users\/1"}],"replies":[{"embeddable":true,"href":"https:\/\/gavilwebforge.com\/sitios\/hany\/wp-json\/wp\/v2\/comments?post=1520"}],"version-history":[{"count":49,"href":"https:\/\/gavilwebforge.com\/sitios\/hany\/wp-json\/wp\/v2\/pages\/1520\/revisions"}],"predecessor-version":[{"id":1920,"href":"https:\/\/gavilwebforge.com\/sitios\/hany\/wp-json\/wp\/v2\/pages\/1520\/revisions\/1920"}],"wp:attachment":[{"href":"https:\/\/gavilwebforge.com\/sitios\/hany\/wp-json\/wp\/v2\/media?parent=1520"}],"curies":[{"name":"wp","href":"https:\/\/api.w.org\/{rel}","templated":true}]}}